{"id":7531,"date":"2024-09-13T15:09:35","date_gmt":"2024-09-13T13:09:35","guid":{"rendered":"https:\/\/www.aikido-zentrum-offenbach.de\/?page_id=7531"},"modified":"2024-09-13T15:31:09","modified_gmt":"2024-09-13T13:31:09","slug":"aikido-kleidung-fuer-dein-training","status":"publish","type":"page","link":"https:\/\/www.aikido-zentrum-offenbach.de\/en\/aikido-kleidung-fuer-dein-training\/","title":{"rendered":"Aikido-Kleidung f\u00fcr Dein Training"},"content":{"rendered":"\n<div class=\"wp-block-cover wp-duotone-unset-1\"><span aria-hidden=\"true\" class=\"wp-block-cover__background has-background-dim\"><\/span><img loading=\"lazy\" decoding=\"async\" width=\"2048\" height=\"1365\" class=\"wp-block-cover__image-background wp-image-6832\" alt=\"\" src=\"https:\/\/www.aikido-zentrum-offenbach.de\/wp-content\/uploads\/2023\/07\/black-belt-894190.jpg\" data-object-fit=\"cover\" srcset=\"https:\/\/www.aikido-zentrum-offenbach.de\/wp-content\/uploads\/2023\/07\/black-belt-894190.jpg 2048w, https:\/\/www.aikido-zentrum-offenbach.de\/wp-content\/uploads\/2023\/07\/black-belt-894190-600x400.jpg 600w, https:\/\/www.aikido-zentrum-offenbach.de\/wp-content\/uploads\/2023\/07\/black-belt-894190-300x200.jpg 300w, https:\/\/www.aikido-zentrum-offenbach.de\/wp-content\/uploads\/2023\/07\/black-belt-894190-1024x683.jpg 1024w, https:\/\/www.aikido-zentrum-offenbach.de\/wp-content\/uploads\/2023\/07\/black-belt-894190-768x512.jpg 768w, https:\/\/www.aikido-zentrum-offenbach.de\/wp-content\/uploads\/2023\/07\/black-belt-894190-1536x1024.jpg 1536w\" sizes=\"auto, (max-width: 2048px) 100vw, 2048px\" \/><div class=\"wp-block-cover__inner-container is-layout-flow wp-block-cover-is-layout-flow\">\n<p class=\"has-text-align-center has-large-font-size\"><\/p>\n<\/div><\/div>\n\n\n\n<p class=\"has-text-align-center has-large-font-size\">Willkommen im AIKIDO Zentrum Offenbach!<\/p>\n\n\n\n<h1 class=\"wp-block-heading has-text-align-center\">Aikido-Kleidung f\u00fcr Dein Training<\/h1>\n\n\n\n<p><strong>Als neues oder bestehendes Mitglied fragst Du Dich vielleicht, wo Du die richtige Ausr\u00fcstung f\u00fcr das Training finden kannst. Hier sind alle wichtigen Informationen zu Aikido-Anz\u00fcgen (Keikogi) und Hakama:<\/strong><\/p>\n\n\n\n<div class=\"wp-block-group is-nowrap is-layout-flex wp-container-core-group-is-layout-ad2f72ca wp-block-group-is-layout-flex\">\n<h2 class=\"wp-block-heading\"><strong>Neuen Anzug kaufen<\/strong>:<\/h2>\n\n\n\n<p><\/p>\n<\/div>\n\n\n\n<p>Wenn Du einen neuen Anzuge kaufen willst, sind das hier gute Adressen:<br><a href=\"https:\/\/www.dax-sports.com\/F\u00fcr Kinder: Wir empfehlen Dax Bambini oder Dax Kids\" target=\"_blank\" rel=\"noopener\"><strong>https:\/\/www.dax-sports.com\/<\/strong><br><\/a><strong>F\u00fcr Kinder: <\/strong>Wir empfehlen Dax Bambini oder Dax Kids<br><strong>F\u00fcr Erwachsene:<\/strong> Wir empfehlen Dax Fuji.<\/p>\n\n\n\n<p><\/p>\n\n\n\n<p><a href=\"https:\/\/www.budoten.com\/kampfsport-shop\" target=\"_blank\" rel=\"noopener\"><strong>https:\/\/www.budoten.com\/kampfsport-shop<\/strong><\/a><br><strong>F\u00fcr Kinder und Erwachsene: <\/strong>Wir empfehlen Tanabe oder Phoenix<\/p>\n\n\n\n<p><\/p>\n\n\n\n<p><a href=\"https:\/\/www.boxhaus.de\" target=\"_blank\" rel=\"noopener\"><strong>https:\/\/www.boxhaus.de<\/strong><\/a><br><strong>F\u00fcr Erwachsene:<\/strong> Wir empfehlen Phoenix<\/p>\n\n\n\n<p><\/p>\n\n\n\n<p><strong>HINWEIS:<\/strong><br>1. Nat\u00fcrlich gibt es auch andere Anbieter im Internet. Du kannst frei w\u00e4hlen.<br>2. Es lohnt sich, mit dem Shop Kontakt aufzunehmen, wenn es gerade keine Angebote auf der Webseite gibt.<\/p>\n\n\n\n<div style=\"height:100px\" aria-hidden=\"true\" class=\"wp-block-spacer\"><\/div>\n\n\n<style>.wp-block-kadence-spacer.kt-block-spacer-7531_2ce917-16 .kt-block-spacer{height:35px;}.wp-block-kadence-spacer.kt-block-spacer-7531_2ce917-16 .kt-divider{border-top-width:5px;height:1px;border-top-color:#eba823;width:100%;border-top-style:dotted;}<\/style>\n<div class=\"wp-block-kadence-spacer aligncenter kt-block-spacer-7531_2ce917-16\"><div class=\"kt-block-spacer kt-block-spacer-halign-center\"><hr class=\"kt-divider\"\/><\/div><\/div>\n\n\n\n<h2 class=\"wp-block-heading\"><strong>Gebrauchten Anzug kaufen:<\/strong><\/h2>\n\n\n\n<p>Du m\u00f6chtest lieber einen gebrauchten Anzug kaufen?<br>Dann schau in unserer VereinsApp Campai in den Raum &#8220;Keikogi verkaufen\/kaufen&#8221;.<br>Wenn es hier einen passenden Anzug gibt, klick die Sprechblase unter dem Post an und antworte so auf das Angebot.<br>Oder klicke auf das &#8220;+&#8221; rechts oben und lass die anderen Mitglieder wissen, dass Du einen gebrauchten Anzug suchst &#8211; Gr\u00f6\u00dfe nicht vergessen \ud83d\ude09.<\/p>\n\n\n\n<div style=\"height:100px\" aria-hidden=\"true\" class=\"wp-block-spacer\"><\/div>\n\n\n\n<p id=\"block-246ec838-33b1-4cec-a1ed-46d494c417dd\"><\/p>\n\n\n<style>.wp-block-kadence-spacer.kt-block-spacer-7531_1aecc6-60 .kt-block-spacer{height:35px;}.wp-block-kadence-spacer.kt-block-spacer-7531_1aecc6-60 .kt-divider{border-top-width:5px;height:1px;border-top-color:#eba823;width:100%;border-top-style:dotted;}<\/style>\n<div class=\"wp-block-kadence-spacer aligncenter kt-block-spacer-7531_1aecc6-60\"><div class=\"kt-block-spacer kt-block-spacer-halign-center\"><hr class=\"kt-divider\"\/><\/div><\/div>\n\n\n\n<div class=\"wp-block-group is-nowrap is-layout-flex wp-container-core-group-is-layout-ad2f72ca wp-block-group-is-layout-flex\">\n<h2 class=\"wp-block-heading\"><strong>Welche Gr\u00f6\u00dfe?<\/strong><\/h2>\n\n\n\n<p><\/p>\n<\/div>\n\n\n\n<p>Die Gr\u00f6\u00dfe von Keikogis entspricht der K\u00f6rpergr\u00f6\u00dfe. <\/p>\n\n\n\n<p><strong>Beispiel:<\/strong><br>Eine Person mit K\u00f6rpergr\u00f6\u00dfe 170 &#8211; 175 braucht einen Anzug der Gr\u00f6\u00dfe 170,<br>bei K\u00f6rpergr\u00f6\u00dfe 175 &#8211; 180 einen Anzug Gr\u00f6\u00dfe 180.<br>Eine schlanke Person braucht eher die n\u00e4chstkleinere Gr\u00f6\u00dfe. Eine kr\u00e4ftige Person braucht eher die n\u00e4chstgr\u00f6\u00dfere Gr\u00f6\u00dfe.<br>Wenn Du neue Anz\u00fcge bestellst, beachte auch die Herstellerangaben.<\/p>\n\n\n\n<div style=\"height:100px\" aria-hidden=\"true\" class=\"wp-block-spacer\"><\/div>\n\n\n<style>.wp-block-kadence-spacer.kt-block-spacer-7531_e035ce-cb .kt-block-spacer{height:35px;}.wp-block-kadence-spacer.kt-block-spacer-7531_e035ce-cb .kt-divider{border-top-width:5px;height:1px;border-top-color:#eba823;width:100%;border-top-style:dotted;}<\/style>\n<div class=\"wp-block-kadence-spacer aligncenter kt-block-spacer-7531_e035ce-cb\"><div class=\"kt-block-spacer kt-block-spacer-halign-center\"><hr class=\"kt-divider\"\/><\/div><\/div>\n\n\n\n<h2 class=\"wp-block-heading\">Worauf Du beim Kauf eines Aikido-Anzugs noch achten solltest:<\/h2>\n\n\n\n<ol class=\"wp-block-list\">\n<li>Material: Achte auf robuste Baumwolle. Auch ein Mischgewebe aus Baumwolle und Polyester kann geeignet sein, da es pflegeleichter ist.<\/li>\n\n\n\n<li>Gewicht: Anf\u00e4nger k\u00f6nnen mit einem leichteren Anzug (ca. 350g\/m\u00b2) beginnen. Fortgeschrittene bevorzugen oft schwerere Anz\u00fcge (500g\/m\u00b2 oder mehr) f\u00fcr intensiveres Training.<\/li>\n\n\n\n<li>Passform: Der Anzug sollte bequem sitzen, aber nicht zu locker sein. Die \u00c4rmel sollten bis zu den Handgelenken reichen, die Hosenbeine bis zu den Kn\u00f6cheln.<\/li>\n\n\n\n<li>Verst\u00e4rkungen: Achte auf verst\u00e4rkte Bereiche an Knien und Ellbogen f\u00fcr erh\u00f6hte Haltbarkeit.<\/li>\n\n\n\n<li>Ein Keikogi f\u00fcr Aikido sollte keine Verst\u00e4rkung auf der Wirbels\u00e4ulen-Linie haben (Das ist typisch f\u00fcr Judo-Anz\u00fcge).<\/li>\n\n\n\n<li>Farbe: Wei\u00df ist die traditionelle und in den meisten Dojos bevorzugte Farbe.<\/li>\n\n\n\n<li>Qualit\u00e4t der N\u00e4hte: \u00dcberpr\u00fcfen Sie die N\u00e4hte auf Stabilit\u00e4t, besonders an den Stresspunkten wie Achseln und Schritt.<\/li>\n<\/ol>\n\n\n\n<p>Ein guter Aikido-Anzug ist eine Investition in Dein Training. Qualit\u00e4t zahlt sich langfristig aus, da hochwertige Anz\u00fcge l\u00e4nger halten und komfortabler sind. Dies ist vor allem f\u00fcr Erwachsene wichtig.<br>Kinder bevorzugen leichte Anz\u00fcge. Bei Fragen zur Auswahl des richtigen Anzugs oder Hakama stehen wir gerne zur Verf\u00fcgung. <\/p>\n\n\n\n<p class=\"has-text-align-center has-theme-palette-6-color has-theme-palette-8-background-color has-text-color has-background has-link-color has-xxlarge-font-size wp-elements-daba4e88a7ff395f80d9f8f580bf9eeb\">Wir freuen uns darauf, Dich im passenden Keikogi beim Training zu sehen!<\/p>\n\n\n\n<div class=\"wp-block-cover has-custom-content-position is-position-bottom-center\" style=\"min-height:100vh;aspect-ratio:unset;\"><span aria-hidden=\"true\" class=\"wp-block-cover__background has-background-dim\"><\/span><img loading=\"lazy\" decoding=\"async\" width=\"1024\" height=\"600\" class=\"wp-block-cover__image-background wp-image-6477\" alt=\"\" src=\"https:\/\/www.aikido-zentrum-offenbach.de\/wp-content\/uploads\/2020\/08\/Aikido-Familie-2-AM-scaled-1-1024x600.jpg\" style=\"object-position:41% 7%\" data-object-fit=\"cover\" data-object-position=\"41% 7%\" srcset=\"https:\/\/www.aikido-zentrum-offenbach.de\/wp-content\/uploads\/2020\/08\/Aikido-Familie-2-AM-scaled-1-1024x600.jpg 1024w, https:\/\/www.aikido-zentrum-offenbach.de\/wp-content\/uploads\/2020\/08\/Aikido-Familie-2-AM-scaled-1-600x352.jpg 600w, https:\/\/www.aikido-zentrum-offenbach.de\/wp-content\/uploads\/2020\/08\/Aikido-Familie-2-AM-scaled-1-300x176.jpg 300w, https:\/\/www.aikido-zentrum-offenbach.de\/wp-content\/uploads\/2020\/08\/Aikido-Familie-2-AM-scaled-1-768x450.jpg 768w, https:\/\/www.aikido-zentrum-offenbach.de\/wp-content\/uploads\/2020\/08\/Aikido-Familie-2-AM-scaled-1-1536x901.jpg 1536w, https:\/\/www.aikido-zentrum-offenbach.de\/wp-content\/uploads\/2020\/08\/Aikido-Familie-2-AM-scaled-1-2048x1201.jpg 2048w\" sizes=\"auto, (max-width: 1024px) 100vw, 1024px\" \/><div class=\"wp-block-cover__inner-container is-layout-flow wp-block-cover-is-layout-flow\">\n<p class=\"has-text-align-center has-large-font-size\"><\/p>\n<\/div><\/div>\n\n\n\n<p><\/p>\n","protected":false},"excerpt":{"rendered":"<p>Willkommen im AIKIDO Zentrum Offenbach! Aikido-Kleidung f\u00fcr Dein Training Als neues oder bestehendes Mitglied fragst Du Dich vielleicht, wo Du die richtige Ausr\u00fcstung f\u00fcr das Training finden kannst. Hier sind alle wichtigen Informationen zu Aikido-Anz\u00fcgen (Keikogi) und Hakama: Neuen Anzug kaufen: Wenn Du einen neuen Anzuge kaufen willst, sind das hier gute Adressen:https:\/\/www.dax-sports.com\/F\u00fcr Kinder: Wir&#8230;<\/p>\n","protected":false},"author":2,"featured_media":0,"parent":0,"menu_order":0,"comment_status":"closed","ping_status":"closed","template":"","meta":{"_kad_blocks_custom_css":"","_kad_blocks_head_custom_js":"","_kad_blocks_body_custom_js":"","_kad_blocks_footer_custom_js":"","_kadence_starter_templates_imported_post":false,"_kad_post_transparent":"","_kad_post_title":"","_kad_post_layout":"","_kad_post_sidebar_id":"","_kad_post_content_style":"","_kad_post_vertical_padding":"","_kad_post_feature":"","_kad_post_feature_position":"","_kad_post_header":false,"_kad_post_footer":false,"footnotes":""},"class_list":["post-7531","page","type-page","status-publish","hentry"],"taxonomy_info":[],"featured_image_src_large":false,"author_info":{"display_name":"Annette R\u00f6llig","author_link":"https:\/\/www.aikido-zentrum-offenbach.de\/en\/author\/annette\/"},"comment_info":0,"_links":{"self":[{"href":"https:\/\/www.aikido-zentrum-offenbach.de\/en\/wp-json\/wp\/v2\/pages\/7531","targetHints":{"allow":["GET"]}}],"collection":[{"href":"https:\/\/www.aikido-zentrum-offenbach.de\/en\/wp-json\/wp\/v2\/pages"}],"about":[{"href":"https:\/\/www.aikido-zentrum-offenbach.de\/en\/wp-json\/wp\/v2\/types\/page"}],"author":[{"embeddable":true,"href":"https:\/\/www.aikido-zentrum-offenbach.de\/en\/wp-json\/wp\/v2\/users\/2"}],"replies":[{"embeddable":true,"href":"https:\/\/www.aikido-zentrum-offenbach.de\/en\/wp-json\/wp\/v2\/comments?post=7531"}],"version-history":[{"count":11,"href":"https:\/\/www.aikido-zentrum-offenbach.de\/en\/wp-json\/wp\/v2\/pages\/7531\/revisions"}],"predecessor-version":[{"id":7548,"href":"https:\/\/www.aikido-zentrum-offenbach.de\/en\/wp-json\/wp\/v2\/pages\/7531\/revisions\/7548"}],"wp:attachment":[{"href":"https:\/\/www.aikido-zentrum-offenbach.de\/en\/wp-json\/wp\/v2\/media?parent=7531"}],"curies":[{"name":"wp","href":"https:\/\/api.w.org\/{rel}","templated":true}]}}