{"id":8241,"date":"2026-02-23T20:16:29","date_gmt":"2026-02-23T19:16:29","guid":{"rendered":"https:\/\/www.aikido-zentrum-offenbach.de\/?page_id=8241"},"modified":"2026-02-25T10:50:17","modified_gmt":"2026-02-25T09:50:17","slug":"probetraining-kinder-wl-id40","status":"publish","type":"page","link":"https:\/\/www.aikido-zentrum-offenbach.de\/en\/kurse\/probetraining-kinder-wl-id40\/","title":{"rendered":"Probetraining Kinder (WL)"},"content":{"rendered":"<style>.kb-row-layout-wrap.wp-block-kadence-rowlayout.kb-row-layout-id8241_29d6d8-91{margin-bottom:0px;}.kb-row-layout-id8241_29d6d8-91 > .kt-row-column-wrap{align-content:start;}:where(.kb-row-layout-id8241_29d6d8-91 > .kt-row-column-wrap) > .wp-block-kadence-column{justify-content:start;}.kb-row-layout-id8241_29d6d8-91 > .kt-row-column-wrap{column-gap:var(--global-kb-gap-sm, 1rem);row-gap:var(--global-kb-gap-md, 2rem);padding-top:0px;padding-right:0px;padding-bottom:0px;padding-left:0px;grid-template-columns:minmax(0, 1fr);}.kb-row-layout-id8241_29d6d8-91{background-image:url('https:\/\/www.aikido-zentrum-offenbach.de\/wp-content\/uploads\/2023\/07\/2012-11-11-um-13-11-22-scaled.jpg');background-size:cover;background-position:51% 43%;background-attachment:scroll;background-repeat:no-repeat;}.kb-row-layout-id8241_29d6d8-91 > .kt-row-layout-overlay{opacity:1;background:linear-gradient(180deg, var(--global-palette3) 0%, var(--global-palette9) 100%);mix-blend-mode:color;}@media all and (max-width: 1024px){.kb-row-layout-id8241_29d6d8-91 > .kt-row-column-wrap{grid-template-columns:minmax(0, 1fr);}}@media all and (max-width: 767px){.kb-row-layout-id8241_29d6d8-91 > .kt-row-column-wrap{grid-template-columns:minmax(0, 1fr);}}<\/style><div class=\"kb-row-layout-wrap kb-row-layout-id8241_29d6d8-91 alignnone has-theme-palette3-background-color kt-row-has-bg wp-block-kadence-rowlayout\"><div class=\"kt-row-layout-overlay kt-row-overlay-gradient\"><\/div><div class=\"kt-row-column-wrap kt-has-1-columns kt-row-layout-equal kt-tab-layout-inherit kt-mobile-layout-row kt-row-valign-top\">\n<style>.kadence-column8241_1c33ca-ed > .kt-inside-inner-col{padding-right:0px;padding-bottom:0px;padding-left:0px;}.kadence-column8241_1c33ca-ed > .kt-inside-inner-col,.kadence-column8241_1c33ca-ed > .kt-inside-inner-col:before{border-top-left-radius:0px;border-top-right-radius:0px;border-bottom-right-radius:0px;border-bottom-left-radius:0px;}.kadence-column8241_1c33ca-ed > .kt-inside-inner-col{column-gap:var(--global-kb-gap-sm, 1rem);}.kadence-column8241_1c33ca-ed > .kt-inside-inner-col{flex-direction:column;}.kadence-column8241_1c33ca-ed > .kt-inside-inner-col > .aligncenter{width:100%;}.kadence-column8241_1c33ca-ed > .kt-inside-inner-col:before{opacity:0.3;}.kadence-column8241_1c33ca-ed{position:relative;}.kadence-column8241_1c33ca-ed, .kt-inside-inner-col > .kadence-column8241_1c33ca-ed:not(.specificity){margin-bottom:0px;}@media all and (max-width: 1024px){.kadence-column8241_1c33ca-ed > .kt-inside-inner-col{flex-direction:column;justify-content:center;}}@media all and (max-width: 767px){.kadence-column8241_1c33ca-ed > .kt-inside-inner-col{flex-direction:column;justify-content:center;}}<\/style>\n<div class=\"wp-block-kadence-column kadence-column8241_1c33ca-ed inner-column-1\"><div class=\"kt-inside-inner-col\"><style>.kb-row-layout-id8241_9794b2-1c > .kt-row-column-wrap{align-content:start;}:where(.kb-row-layout-id8241_9794b2-1c > .kt-row-column-wrap) > .wp-block-kadence-column{justify-content:start;}.kb-row-layout-id8241_9794b2-1c > .kt-row-column-wrap{column-gap:var(--global-kb-gap-md, 2rem);row-gap:var(--global-kb-gap-md, 2rem);max-width:var( --global-content-width, 1290px );padding-left:var(--global-content-edge-padding);padding-right:var(--global-content-edge-padding);padding-top:300px;padding-right:0px;padding-bottom:20px;padding-left:0px;grid-template-columns:minmax(0, 1fr);}.kb-row-layout-id8241_9794b2-1c{background-color:rgba(233,231,206,0.4);}.kb-row-layout-id8241_9794b2-1c > .kt-row-layout-overlay{opacity:0.30;}@media all and (max-width: 1024px){.kb-row-layout-id8241_9794b2-1c > .kt-row-column-wrap{grid-template-columns:minmax(0, 1fr);}}@media all and (max-width: 767px){.kb-row-layout-id8241_9794b2-1c > .kt-row-column-wrap{grid-template-columns:minmax(0, 1fr);}}<\/style><div class=\"kb-row-layout-wrap kb-row-layout-id8241_9794b2-1c alignnone kt-row-has-bg wp-block-kadence-rowlayout\"><div class=\"kt-row-column-wrap kt-has-1-columns kt-row-layout-equal kt-tab-layout-inherit kt-mobile-layout-row kt-row-valign-top kb-theme-content-width\">\n<style>.kadence-column8241_4a640e-8d > .kt-inside-inner-col,.kadence-column8241_4a640e-8d > .kt-inside-inner-col:before{border-top-left-radius:0px;border-top-right-radius:0px;border-bottom-right-radius:0px;border-bottom-left-radius:0px;}.kadence-column8241_4a640e-8d > .kt-inside-inner-col{column-gap:var(--global-kb-gap-sm, 1rem);}.kadence-column8241_4a640e-8d > .kt-inside-inner-col{flex-direction:column;}.kadence-column8241_4a640e-8d > .kt-inside-inner-col > .aligncenter{width:100%;}.kadence-column8241_4a640e-8d > .kt-inside-inner-col:before{opacity:0.3;}.kadence-column8241_4a640e-8d{position:relative;}@media all and (max-width: 1024px){.kadence-column8241_4a640e-8d > .kt-inside-inner-col{flex-direction:column;justify-content:center;}}@media all and (max-width: 767px){.kadence-column8241_4a640e-8d > .kt-inside-inner-col{flex-direction:column;justify-content:center;}}<\/style>\n<div class=\"wp-block-kadence-column kadence-column8241_4a640e-8d inner-column-1\"><div class=\"kt-inside-inner-col\"><style>.wp-block-kadence-advancedheading.kt-adv-heading8241_632ce2-1b, .wp-block-kadence-advancedheading.kt-adv-heading8241_632ce2-1b[data-kb-block=\"kb-adv-heading8241_632ce2-1b\"]{padding-bottom:0px;padding-left:0px;margin-bottom:0px;text-align:left;font-style:normal;}.wp-block-kadence-advancedheading.kt-adv-heading8241_632ce2-1b mark.kt-highlight, .wp-block-kadence-advancedheading.kt-adv-heading8241_632ce2-1b[data-kb-block=\"kb-adv-heading8241_632ce2-1b\"] mark.kt-highlight{font-style:normal;color:#f76a0c;-webkit-box-decoration-break:clone;box-decoration-break:clone;padding-top:0px;padding-right:0px;padding-bottom:0px;padding-left:0px;}.wp-block-kadence-advancedheading.kt-adv-heading8241_632ce2-1b img.kb-inline-image, .wp-block-kadence-advancedheading.kt-adv-heading8241_632ce2-1b[data-kb-block=\"kb-adv-heading8241_632ce2-1b\"] img.kb-inline-image{width:150px;vertical-align:baseline;}<\/style>\n<h1 class=\"kt-adv-heading8241_632ce2-1b wp-block-kadence-advancedheading has-theme-palette-5-color has-text-color\" data-kb-block=\"kb-adv-heading8241_632ce2-1b\">AIKIDO kennenlernen f\u00fcr Kinder der Warteliste<\/h1>\n\n\n<style>.wp-block-kadence-spacer.kt-block-spacer-8241_32cdc2-6f .kt-block-spacer{height:6px;}.wp-block-kadence-spacer.kt-block-spacer-8241_32cdc2-6f .kt-divider{border-top-width:3px;height:1px;border-top-color:var(--global-palette5, #4A5568);width:10%;border-top-style:solid;}<\/style>\n<div class=\"wp-block-kadence-spacer aligncenter kt-block-spacer-8241_32cdc2-6f\"><div class=\"kt-block-spacer kt-block-spacer-halign-left\"><hr class=\"kt-divider\"\/><\/div><\/div>\n<\/div><\/div>\n\n<\/div><\/div><\/div><\/div>\n\n<\/div><\/div>\n\n<style>.kb-row-layout-id8241_22035e-a9 > .kt-row-column-wrap{align-content:start;}:where(.kb-row-layout-id8241_22035e-a9 > .kt-row-column-wrap) > .wp-block-kadence-column{justify-content:start;}.kb-row-layout-id8241_22035e-a9 > .kt-row-column-wrap{column-gap:var(--global-kb-gap-md, 2rem);row-gap:var(--global-kb-gap-md, 2rem);max-width:var( --global-content-width, 1290px );padding-left:var(--global-content-edge-padding);padding-right:var(--global-content-edge-padding);padding-top:var(--global-kb-spacing-sm, 1.5rem);padding-bottom:var(--global-kb-spacing-sm, 1.5rem);grid-template-columns:minmax(0, 1fr);}.kb-row-layout-id8241_22035e-a9 > .kt-row-layout-overlay{opacity:0.30;}@media all and (max-width: 1024px){.kb-row-layout-id8241_22035e-a9 > .kt-row-column-wrap{grid-template-columns:minmax(0, 1fr);}}@media all and (max-width: 767px){.kb-row-layout-id8241_22035e-a9 > .kt-row-column-wrap{grid-template-columns:minmax(0, 1fr);}}<\/style><div class=\"kb-row-layout-wrap kb-row-layout-id8241_22035e-a9 alignnone wp-block-kadence-rowlayout\"><div class=\"kt-row-column-wrap kt-has-1-columns kt-row-layout-equal kt-tab-layout-inherit kt-mobile-layout-row kt-row-valign-top kb-theme-content-width\">\n<style>.kadence-column8241_988b77-a0 > .kt-inside-inner-col,.kadence-column8241_988b77-a0 > .kt-inside-inner-col:before{border-top-left-radius:0px;border-top-right-radius:0px;border-bottom-right-radius:0px;border-bottom-left-radius:0px;}.kadence-column8241_988b77-a0 > .kt-inside-inner-col{column-gap:var(--global-kb-gap-sm, 1rem);}.kadence-column8241_988b77-a0 > .kt-inside-inner-col{flex-direction:column;}.kadence-column8241_988b77-a0 > .kt-inside-inner-col > .aligncenter{width:100%;}.kadence-column8241_988b77-a0 > .kt-inside-inner-col:before{opacity:0.3;}.kadence-column8241_988b77-a0{position:relative;}@media all and (max-width: 1024px){.kadence-column8241_988b77-a0 > .kt-inside-inner-col{flex-direction:column;justify-content:center;}}@media all and (max-width: 767px){.kadence-column8241_988b77-a0 > .kt-inside-inner-col{flex-direction:column;justify-content:center;}}<\/style>\n<div class=\"wp-block-kadence-column kadence-column8241_988b77-a0\"><div class=\"kt-inside-inner-col\"><style>.wp-block-kadence-advancedheading.kt-adv-heading8241_ca3557-25, .wp-block-kadence-advancedheading.kt-adv-heading8241_ca3557-25[data-kb-block=\"kb-adv-heading8241_ca3557-25\"]{font-style:normal;}.wp-block-kadence-advancedheading.kt-adv-heading8241_ca3557-25 mark.kt-highlight, .wp-block-kadence-advancedheading.kt-adv-heading8241_ca3557-25[data-kb-block=\"kb-adv-heading8241_ca3557-25\"] mark.kt-highlight{font-style:normal;color:#f76a0c;-webkit-box-decoration-break:clone;box-decoration-break:clone;padding-top:0px;padding-right:0px;padding-bottom:0px;padding-left:0px;}.wp-block-kadence-advancedheading.kt-adv-heading8241_ca3557-25 img.kb-inline-image, .wp-block-kadence-advancedheading.kt-adv-heading8241_ca3557-25[data-kb-block=\"kb-adv-heading8241_ca3557-25\"] img.kb-inline-image{width:150px;vertical-align:baseline;}<\/style>\n<h3 class=\"kt-adv-heading8241_ca3557-25 wp-block-kadence-advancedheading\" data-kb-block=\"kb-adv-heading8241_ca3557-25\">Neue Termine verf\u00fcgbar<\/h3>\n\n\n<style>.wp-block-kadence-advancedheading.kt-adv-heading8241_3bd3bf-0a, .wp-block-kadence-advancedheading.kt-adv-heading8241_3bd3bf-0a[data-kb-block=\"kb-adv-heading8241_3bd3bf-0a\"]{font-style:normal;}.wp-block-kadence-advancedheading.kt-adv-heading8241_3bd3bf-0a mark.kt-highlight, .wp-block-kadence-advancedheading.kt-adv-heading8241_3bd3bf-0a[data-kb-block=\"kb-adv-heading8241_3bd3bf-0a\"] mark.kt-highlight{font-style:normal;color:#f76a0c;-webkit-box-decoration-break:clone;box-decoration-break:clone;padding-top:0px;padding-right:0px;padding-bottom:0px;padding-left:0px;}.wp-block-kadence-advancedheading.kt-adv-heading8241_3bd3bf-0a img.kb-inline-image, .wp-block-kadence-advancedheading.kt-adv-heading8241_3bd3bf-0a[data-kb-block=\"kb-adv-heading8241_3bd3bf-0a\"] img.kb-inline-image{width:150px;vertical-align:baseline;}<\/style>\n<p class=\"kt-adv-heading8241_3bd3bf-0a wp-block-kadence-advancedheading\" data-kb-block=\"kb-adv-heading8241_3bd3bf-0a\">Sie haben sich auf unserer Warteliste f\u00fcr das Kinder-Aikido 4 &#8211; 6 Jahre angemeldet. <br>Am 14.03.2026 bieten wir wieder ein Kennlern-Training an.  Hier k\u00f6nnen Sie Ihr Kind f\u00fcr das n\u00e4chste Kennlern-Training anmelden.<\/p>\n\n\n<style>.wp-block-kadence-advancedheading.kt-adv-heading8241_1c30e7-f2, .wp-block-kadence-advancedheading.kt-adv-heading8241_1c30e7-f2[data-kb-block=\"kb-adv-heading8241_1c30e7-f2\"]{font-style:normal;}.wp-block-kadence-advancedheading.kt-adv-heading8241_1c30e7-f2 mark.kt-highlight, .wp-block-kadence-advancedheading.kt-adv-heading8241_1c30e7-f2[data-kb-block=\"kb-adv-heading8241_1c30e7-f2\"] mark.kt-highlight{font-style:normal;color:#f76a0c;-webkit-box-decoration-break:clone;box-decoration-break:clone;padding-top:0px;padding-right:0px;padding-bottom:0px;padding-left:0px;}.wp-block-kadence-advancedheading.kt-adv-heading8241_1c30e7-f2 img.kb-inline-image, .wp-block-kadence-advancedheading.kt-adv-heading8241_1c30e7-f2[data-kb-block=\"kb-adv-heading8241_1c30e7-f2\"] img.kb-inline-image{width:150px;vertical-align:baseline;}<\/style>\n<p class=\"kt-adv-heading8241_1c30e7-f2 wp-block-kadence-advancedheading\" data-kb-block=\"kb-adv-heading8241_1c30e7-f2\">Eine Anmeldung ist nur m\u00f6glich, wenn Sie bereits auf unserer Warteliste eingetragen sind. <br><strong>Bitte benutzen Sie die Wartelisten-ID, die wir Ihnen per E-mail mitgeteilt haben.<\/strong><\/p>\n<\/div><\/div>\n\n<\/div><\/div>\n\n<style>.kb-row-layout-id8241_e2a3bf-dc > .kt-row-column-wrap{align-content:start;}:where(.kb-row-layout-id8241_e2a3bf-dc > .kt-row-column-wrap) > .wp-block-kadence-column{justify-content:start;}.kb-row-layout-id8241_e2a3bf-dc > .kt-row-column-wrap{column-gap:var(--global-kb-gap-md, 2rem);row-gap:var(--global-kb-gap-md, 2rem);max-width:var( --global-content-width, 1290px );padding-left:var(--global-content-edge-padding);padding-right:var(--global-content-edge-padding);padding-top:var(--global-kb-spacing-sm, 1.5rem);padding-bottom:var(--global-kb-spacing-sm, 1.5rem);grid-template-columns:minmax(0, 1fr);}.kb-row-layout-id8241_e2a3bf-dc > .kt-row-layout-overlay{opacity:0.30;}@media all and (max-width: 1024px){.kb-row-layout-id8241_e2a3bf-dc > .kt-row-column-wrap{grid-template-columns:minmax(0, 1fr);}}@media all and (max-width: 767px){.kb-row-layout-id8241_e2a3bf-dc > .kt-row-column-wrap{grid-template-columns:minmax(0, 1fr);}}<\/style><div class=\"kb-row-layout-wrap kb-row-layout-id8241_e2a3bf-dc alignnone wp-block-kadence-rowlayout\"><div class=\"kt-row-column-wrap kt-has-1-columns kt-row-layout-equal kt-tab-layout-inherit kt-mobile-layout-row kt-row-valign-top kb-theme-content-width\">\n<style>.kadence-column8241_af641e-70 > .kt-inside-inner-col,.kadence-column8241_af641e-70 > .kt-inside-inner-col:before{border-top-left-radius:0px;border-top-right-radius:0px;border-bottom-right-radius:0px;border-bottom-left-radius:0px;}.kadence-column8241_af641e-70 > .kt-inside-inner-col{column-gap:var(--global-kb-gap-sm, 1rem);}.kadence-column8241_af641e-70 > .kt-inside-inner-col{flex-direction:column;}.kadence-column8241_af641e-70 > .kt-inside-inner-col > .aligncenter{width:100%;}.kadence-column8241_af641e-70 > .kt-inside-inner-col:before{opacity:0.3;}.kadence-column8241_af641e-70{position:relative;}@media all and (max-width: 1024px){.kadence-column8241_af641e-70 > .kt-inside-inner-col{flex-direction:column;justify-content:center;}}@media all and (max-width: 767px){.kadence-column8241_af641e-70 > .kt-inside-inner-col{flex-direction:column;justify-content:center;}}<\/style>\n<div class=\"wp-block-kadence-column kadence-column8241_af641e-70\"><div class=\"kt-inside-inner-col\">\n<div class=\"wp-block-amelia-events-list-booking-gutenberg-block\"><script>\n  if (typeof hasAmeliaEvent === 'undefined') {\n    var hasAmeliaEvent = true;\n  }\n  if (typeof hasEventApiCall === 'undefined' && ('' === '' && '' !== '1')) {\n    var hasEventApiCall = true;\n  }\n  var hasEventShortcode = (typeof hasEventShortcode === 'undefined') ? false : true;\n  var ameliaShortcodeData = (typeof ameliaShortcodeData === 'undefined') ? [] : ameliaShortcodeData;\n  ameliaShortcodeData.push(\n    {\n      'hasApiCall': (typeof hasEventApiCall !== 'undefined') && hasEventApiCall,\n      'trigger': '',\n      'trigger_type': '',\n      'triggered_form': 'elf',\n      'in_dialog': '',\n      'counter': '1000',\n      'employee': '',\n      'eventId': '40',\n      'eventRecurring': 0,\n      'eventTag': \"\",\n      'locationId': \"\"\n    }\n  );\n  var ameliaShortcodeDataTriggered = (typeof ameliaShortcodeDataTriggered === 'undefined') ? [] : ameliaShortcodeDataTriggered;\n  if (ameliaShortcodeData[ameliaShortcodeData.length - 1].trigger !== '') {\n    if (ameliaShortcodeDataTriggered.filter(a => a.counter === ameliaShortcodeData[ameliaShortcodeData.length - 1].counter).length === 0) {\n      ameliaShortcodeDataTriggered.push(ameliaShortcodeData.pop());\n    } else {\n      ameliaShortcodeData.pop()\n    }\n  }\n  if (typeof hasEventApiCall !== 'undefined' && hasEventApiCall) {\n    hasEventApiCall = false;\n  }\n<\/script>\n\n<div\n  id=\"amelia-v2-booking-1000\"\n  class=\"amelia-v2-booking\"\n>\n    <events-list-form-wrapper><\/div>\n<\/div>\n<\/div><\/div>\n\n<\/div><\/div>\n\n\n<p><\/p>\n","protected":false},"excerpt":{"rendered":"<p>AIKIDO kennenlernen f\u00fcr Kinder der Warteliste Neue Termine verf\u00fcgbar Sie haben sich auf unserer Warteliste f\u00fcr das Kinder-Aikido 4 &#8211; 6 Jahre angemeldet. Am 14.03.2026 bieten wir wieder ein Kennlern-Training an. Hier k\u00f6nnen Sie Ihr Kind f\u00fcr das n\u00e4chste Kennlern-Training anmelden. Eine Anmeldung ist nur m\u00f6glich, wenn Sie bereits auf unserer Warteliste eingetragen sind. Bitte&#8230;<\/p>\n","protected":false},"author":2,"featured_media":6776,"parent":785,"menu_order":0,"comment_status":"closed","ping_status":"closed","template":"","meta":{"_kad_blocks_custom_css":"","_kad_blocks_head_custom_js":"","_kad_blocks_body_custom_js":"","_kad_blocks_footer_custom_js":"","_kadence_starter_templates_imported_post":false,"_kad_post_transparent":"","_kad_post_title":"","_kad_post_layout":"","_kad_post_sidebar_id":"","_kad_post_content_style":"","_kad_post_vertical_padding":"","_kad_post_feature":"","_kad_post_feature_position":"","_kad_post_header":false,"_kad_post_footer":false,"footnotes":""},"class_list":["post-8241","page","type-page","status-publish","has-post-thumbnail","hentry"],"taxonomy_info":[],"featured_image_src_large":["https:\/\/www.aikido-zentrum-offenbach.de\/wp-content\/uploads\/2023\/07\/2012-11-11-um-13-43-29-1024x682.jpg",1024,682,true],"author_info":{"display_name":"Annette R\u00f6llig","author_link":"https:\/\/www.aikido-zentrum-offenbach.de\/en\/author\/annette\/"},"comment_info":0,"_links":{"self":[{"href":"https:\/\/www.aikido-zentrum-offenbach.de\/en\/wp-json\/wp\/v2\/pages\/8241","targetHints":{"allow":["GET"]}}],"collection":[{"href":"https:\/\/www.aikido-zentrum-offenbach.de\/en\/wp-json\/wp\/v2\/pages"}],"about":[{"href":"https:\/\/www.aikido-zentrum-offenbach.de\/en\/wp-json\/wp\/v2\/types\/page"}],"author":[{"embeddable":true,"href":"https:\/\/www.aikido-zentrum-offenbach.de\/en\/wp-json\/wp\/v2\/users\/2"}],"replies":[{"embeddable":true,"href":"https:\/\/www.aikido-zentrum-offenbach.de\/en\/wp-json\/wp\/v2\/comments?post=8241"}],"version-history":[{"count":11,"href":"https:\/\/www.aikido-zentrum-offenbach.de\/en\/wp-json\/wp\/v2\/pages\/8241\/revisions"}],"predecessor-version":[{"id":8286,"href":"https:\/\/www.aikido-zentrum-offenbach.de\/en\/wp-json\/wp\/v2\/pages\/8241\/revisions\/8286"}],"up":[{"embeddable":true,"href":"https:\/\/www.aikido-zentrum-offenbach.de\/en\/wp-json\/wp\/v2\/pages\/785"}],"wp:featuredmedia":[{"embeddable":true,"href":"https:\/\/www.aikido-zentrum-offenbach.de\/en\/wp-json\/wp\/v2\/media\/6776"}],"wp:attachment":[{"href":"https:\/\/www.aikido-zentrum-offenbach.de\/en\/wp-json\/wp\/v2\/media?parent=8241"}],"curies":[{"name":"wp","href":"https:\/\/api.w.org\/{rel}","templated":true}]}}