{"id":8294,"date":"2026-02-27T23:15:59","date_gmt":"2026-02-27T22:15:59","guid":{"rendered":"https:\/\/www.aikido-zentrum-offenbach.de\/?page_id=8294"},"modified":"2026-02-27T23:16:04","modified_gmt":"2026-02-27T22:16:04","slug":"aikisupport-team","status":"publish","type":"page","link":"https:\/\/www.aikido-zentrum-offenbach.de\/en\/aikisupport-team\/","title":{"rendered":"AikiSupport Team"},"content":{"rendered":"\n<div class=\"wp-block-cover is-light wp-duotone-unset-1\"><img loading=\"lazy\" decoding=\"async\" width=\"1024\" height=\"768\" class=\"wp-block-cover__image-background wp-image-8295 size-large\" alt=\"\" src=\"https:\/\/www.aikido-zentrum-offenbach.de\/wp-content\/uploads\/2026\/02\/barbarabonanno-share-1411235_1920-1024x768.jpg\" data-object-fit=\"cover\" srcset=\"https:\/\/www.aikido-zentrum-offenbach.de\/wp-content\/uploads\/2026\/02\/barbarabonanno-share-1411235_1920-1024x768.jpg 1024w, https:\/\/www.aikido-zentrum-offenbach.de\/wp-content\/uploads\/2026\/02\/barbarabonanno-share-1411235_1920-300x225.jpg 300w, https:\/\/www.aikido-zentrum-offenbach.de\/wp-content\/uploads\/2026\/02\/barbarabonanno-share-1411235_1920-768x576.jpg 768w, https:\/\/www.aikido-zentrum-offenbach.de\/wp-content\/uploads\/2026\/02\/barbarabonanno-share-1411235_1920-1536x1152.jpg 1536w, https:\/\/www.aikido-zentrum-offenbach.de\/wp-content\/uploads\/2026\/02\/barbarabonanno-share-1411235_1920-600x450.jpg 600w, https:\/\/www.aikido-zentrum-offenbach.de\/wp-content\/uploads\/2026\/02\/barbarabonanno-share-1411235_1920.jpg 1920w\" sizes=\"auto, (max-width: 1024px) 100vw, 1024px\" \/><span aria-hidden=\"true\" class=\"wp-block-cover__background has-background-dim\" style=\"background-color:#8f8f8f\"><\/span><div class=\"wp-block-cover__inner-container is-layout-flow wp-block-cover-is-layout-flow\">\n<p class=\"has-text-align-center has-theme-palette-9-color has-theme-palette-1-background-color has-text-color has-background has-link-color has-xxlarge-font-size wp-elements-81dcc4c7fe43624fcf67c434c5bec50d\" style=\"border-top-left-radius:100px;border-top-right-radius:100px;border-bottom-left-radius:100px;border-bottom-right-radius:100px;padding-top:0;padding-right:0;padding-bottom:0;padding-left:0\">      <strong> Du machst den Unterschied \ud83e\udd17<\/strong> <\/p>\n<\/div><\/div>\n\n\n\n<p class=\"has-text-align-center has-theme-palette-1-color has-text-color has-link-color has-large-font-size wp-elements-968633c582ac6320b77271c1cbf92fcb\">Willkommen im Aiki-Support &#8211; Team des AIKIDO Zentrum Offenbach!<\/p>\n\n\n\n<h1 class=\"wp-block-heading has-text-align-center\">Mach mit im AikiSupport Team<\/h1>\n\n\n\n<p class=\"has-theme-palette-9-background-color has-background\"><strong>AikiSupport Team \u2013 das ist unser Name f\u00fcr alle, die unseren Verein im Hintergrund stark machen und das Dojo lebendig halten. Freiwillige Unterst\u00fctzung ist bei uns kein \u201eMuss\u201c, sondern eine Chance: Du bringst genau das ein, was zu dir passt \u2013 Zeit, Ideen, Organisationstalent oder einfach zwei helfende H\u00e4nde. Gemeinsam sorgen wir daf\u00fcr, dass das Aikido-Zentrum Offenbach ein Ort ist, an dem Kinder, Jugendliche und Erwachsene sich wohlf\u00fchlen, lernen und wachsen.<\/strong><\/p>\n\n\n\n<div class=\"wp-block-columns is-layout-flex wp-container-core-columns-is-layout-9d6595d7 wp-block-columns-is-layout-flex\">\n<div class=\"wp-block-column is-layout-flow wp-block-column-is-layout-flow\" style=\"flex-basis:100%\">\n<div class=\"wp-block-group alignfull has-theme-palette-9-background-color has-text-color has-background\" style=\"color:#000000\"><div class=\"wp-block-group__inner-container is-layout-flow wp-block-group-is-layout-flow\">\n<div class=\"wp-block-buttons has-theme-palette-9-background-color has-background is-horizontal is-content-justification-center is-layout-flex wp-container-core-buttons-is-layout-499968f5 wp-block-buttons-is-layout-flex\">\n<div class=\"wp-block-button has-custom-width wp-block-button__width-50\"><a class=\"wp-block-button__link has-theme-palette-1-background-color has-text-color has-background wp-element-button\" href=\"mailto:azof@ml.campai.com\" style=\"border-radius:50px;color:#ffffff\">Schreib uns hier: &#8220;Ja, ich helfe mit&#8221;<\/a><\/div>\n<\/div>\n<\/div><\/div>\n\n\n<style>.kb-advanced-slider-8294_459635-c6 .splide__arrow{font-size:var(--global-kb-font-size-xl, 3rem);}.kb-advanced-slider-8294_459635-c6 .kb-advanced-slide-inner{max-width:1800px;}.kb-advanced-slider-8294_459635-c6 .kb-slider-pause-button{color:#fff;background-color:rgba(0, 0, 0, 0.8);border:1px solid transparent;}<\/style><div class=\"kb-advanced-slider kb-advanced-slider-8294_459635-c6 wp-block-kadence-slider\"><div class=\"kb-advanced-slider-inner-contain kb-adv-slider-html-version-2\"><div class=\"kb-blocks-advanced-carousel kt-blocks-carousel kt-carousel-container-dotstyle-dark\"><div class=\"kb-blocks-advanced-slider-init kb-slider-loading kb-blocks-slider kt-carousel-arrowstyle-whiteondark kt-carousel-dotstyle-dark kb-slider-size-ratio kb-slider-type-slider kb-slider-ratio-12-5 kb-slider-group-arrow kb-slider-arrow-position-center kb-slider-tab-ratio-inherit kb-slider-mobile-ratio-inherit splide kb-splide  kb-slider-version-3\" aria-label=\"Slider content\" data-slider-center-mode=\"true\" data-slider-type=\"slider\" data-loop-type=\"loop\" data-columns-xxl=\"3\" data-columns-xl=\"3\" data-columns-md=\"3\" data-columns-sm=\"2\" data-columns-xs=\"1\" data-columns-ss=\"1\" data-slider-anim-speed=\"0\" data-slider-scroll=\"1\" data-slider-fade=\"true\" data-slider-arrows=\"true\" data-slider-dots=\"true\" data-slider-hover-pause=\"true\" data-slider-auto=\"true\"  data-dragging=\"true\" data-slider-speed=\"8060\" data-slider-gap=\"30\" data-slider-gap-tablet=\"30\" data-slider-gap-mobile=\"30\" data-slider-gap-unit=\"px\"><div class=\"splide__track\"><ul class=\"splide__list\">\n\n<li class=\"wp-block-kadence-slide kb-advanced-slide-item kb-slide-8294_4b33cb-5c\"><div class=\"kb-advanced-slide\"><div class=\"kb-advanced-slide-inner-wrap\"><div class=\"kb-advanced-slide-inner\">\n<figure class=\"wp-block-image size-full is-resized\"><img loading=\"lazy\" decoding=\"async\" width=\"960\" height=\"720\" src=\"https:\/\/www.aikido-zentrum-offenbach.de\/wp-content\/uploads\/2026\/02\/Folie2.jpg\" alt=\"\" class=\"wp-image-8301\" style=\"aspect-ratio:1.7777777777777777;object-fit:cover;width:1214px;height:auto\" srcset=\"https:\/\/www.aikido-zentrum-offenbach.de\/wp-content\/uploads\/2026\/02\/Folie2.jpg 960w, https:\/\/www.aikido-zentrum-offenbach.de\/wp-content\/uploads\/2026\/02\/Folie2-300x225.jpg 300w, https:\/\/www.aikido-zentrum-offenbach.de\/wp-content\/uploads\/2026\/02\/Folie2-768x576.jpg 768w, https:\/\/www.aikido-zentrum-offenbach.de\/wp-content\/uploads\/2026\/02\/Folie2-600x450.jpg 600w\" sizes=\"auto, (max-width: 960px) 100vw, 960px\" \/><\/figure>\n<\/div><\/div><\/div><\/li>\n\n\n\n<li class=\"wp-block-kadence-slide kb-advanced-slide-item kb-slide-8294_a46379-ce\"><div class=\"kb-advanced-slide\"><div class=\"kb-advanced-slide-inner-wrap\"><div class=\"kb-advanced-slide-inner\">\n<figure class=\"wp-block-image size-full is-resized\"><img loading=\"lazy\" decoding=\"async\" width=\"960\" height=\"720\" src=\"https:\/\/www.aikido-zentrum-offenbach.de\/wp-content\/uploads\/2026\/02\/Folie3.jpg\" alt=\"\" class=\"wp-image-8303\" style=\"width:1219px;height:auto\" srcset=\"https:\/\/www.aikido-zentrum-offenbach.de\/wp-content\/uploads\/2026\/02\/Folie3.jpg 960w, https:\/\/www.aikido-zentrum-offenbach.de\/wp-content\/uploads\/2026\/02\/Folie3-300x225.jpg 300w, https:\/\/www.aikido-zentrum-offenbach.de\/wp-content\/uploads\/2026\/02\/Folie3-768x576.jpg 768w, https:\/\/www.aikido-zentrum-offenbach.de\/wp-content\/uploads\/2026\/02\/Folie3-600x450.jpg 600w\" sizes=\"auto, (max-width: 960px) 100vw, 960px\" \/><\/figure>\n<\/div><\/div><\/div><\/li>\n\n\n\n<li class=\"wp-block-kadence-slide kb-advanced-slide-item kb-slide-8294_91b3df-d3\"><div class=\"kb-advanced-slide\"><div class=\"kb-advanced-slide-inner-wrap\"><div class=\"kb-advanced-slide-inner\">\n<figure class=\"wp-block-image size-full is-resized\"><img loading=\"lazy\" decoding=\"async\" width=\"960\" height=\"720\" src=\"https:\/\/www.aikido-zentrum-offenbach.de\/wp-content\/uploads\/2026\/02\/Folie4.jpg\" alt=\"\" class=\"wp-image-8305\" style=\"width:1252px;height:auto\" srcset=\"https:\/\/www.aikido-zentrum-offenbach.de\/wp-content\/uploads\/2026\/02\/Folie4.jpg 960w, https:\/\/www.aikido-zentrum-offenbach.de\/wp-content\/uploads\/2026\/02\/Folie4-300x225.jpg 300w, https:\/\/www.aikido-zentrum-offenbach.de\/wp-content\/uploads\/2026\/02\/Folie4-768x576.jpg 768w, https:\/\/www.aikido-zentrum-offenbach.de\/wp-content\/uploads\/2026\/02\/Folie4-600x450.jpg 600w\" sizes=\"auto, (max-width: 960px) 100vw, 960px\" \/><\/figure>\n<\/div><\/div><\/div><\/li>\n\n\n\n<li class=\"wp-block-kadence-slide kb-advanced-slide-item kb-slide-8294_df8368-7a\"><div class=\"kb-advanced-slide\"><div class=\"kb-advanced-slide-inner-wrap\"><div class=\"kb-advanced-slide-inner\"><\/div><\/div><\/div><\/li>\n\n<\/ul><\/div><button class=\"kb-slider-pause-button splide__toggle\" type=\"button\" aria-label=\"Pause carousel\">\n\t\t\t\t\t<span class=\"splide__toggle__pause\">\n\t\t\t\t\t\t<svg xmlns=\"http:\/\/www.w3.org\/2000\/svg\" viewBox=\"0 0 20 20\" width=\"20\" height=\"20\" aria-hidden=\"true\" focusable=\"false\">\n\t\t\t\t\t\t\t<rect x=\"4\" y=\"3\" width=\"4\" height=\"14\" rx=\"1\" fill=\"currentColor\"\/>\n\t\t\t\t\t\t\t<rect x=\"12\" y=\"3\" width=\"4\" height=\"14\" rx=\"1\" fill=\"currentColor\"\/>\n\t\t\t\t\t\t<\/svg>\n\t\t\t\t\t<\/span>\n\t\t\t\t\t<span class=\"splide__toggle__play\">\n\t\t\t\t\t\t<svg xmlns=\"http:\/\/www.w3.org\/2000\/svg\" viewBox=\"0 0 20 20\" width=\"20\" height=\"20\" aria-hidden=\"true\" focusable=\"false\">\n\t\t\t\t\t\t\t<path d=\"M16.4,10.9c0.7-0.4,0.7-1.4,0-1.8L5.8,3.4C5.1,3,4.2,3.5,4.2,4.3v11.4c0,0.8,0.9,1.3,1.6,0.9L16.4,10.9z\" fill=\"currentColor\"\/>\n\t\t\t\t\t\t<\/svg>\n\t\t\t\t\t<\/span>\n\t\t\t\t<\/button><\/div><\/div><\/div><\/div>\n\n\n<div class=\"wp-block-buttons has-theme-palette-9-background-color has-background is-horizontal is-content-justification-center is-layout-flex wp-container-core-buttons-is-layout-499968f5 wp-block-buttons-is-layout-flex\">\n<div class=\"wp-block-button has-custom-width wp-block-button__width-50\"><a class=\"wp-block-button__link has-theme-palette-1-background-color has-text-color has-background wp-element-button\" href=\"mailto:azof@ml.campai.com\" style=\"border-radius:50px;color:#ffffff\">Schreib uns hier: &#8220;Ja, ich helfe mit&#8221;<\/a><\/div>\n<\/div>\n<\/div>\n<\/div>\n\n\n\n<p><\/p>\n","protected":false},"excerpt":{"rendered":"<p>Willkommen im Aiki-Support &#8211; Team des AIKIDO Zentrum Offenbach! Mach mit im AikiSupport Team AikiSupport Team \u2013 das ist unser Name f\u00fcr alle, die unseren Verein im Hintergrund stark machen und das Dojo lebendig halten. Freiwillige Unterst\u00fctzung ist bei uns kein \u201eMuss\u201c, sondern eine Chance: Du bringst genau das ein, was zu dir passt \u2013&#8230;<\/p>\n","protected":false},"author":2,"featured_media":0,"parent":0,"menu_order":0,"comment_status":"closed","ping_status":"closed","template":"","meta":{"_kad_blocks_custom_css":"","_kad_blocks_head_custom_js":"","_kad_blocks_body_custom_js":"","_kad_blocks_footer_custom_js":"","_kadence_starter_templates_imported_post":false,"_kad_post_transparent":"","_kad_post_title":"","_kad_post_layout":"","_kad_post_sidebar_id":"","_kad_post_content_style":"","_kad_post_vertical_padding":"","_kad_post_feature":"","_kad_post_feature_position":"","_kad_post_header":false,"_kad_post_footer":false,"footnotes":""},"class_list":["post-8294","page","type-page","status-publish","hentry"],"taxonomy_info":[],"featured_image_src_large":false,"author_info":{"display_name":"Annette R\u00f6llig","author_link":"https:\/\/www.aikido-zentrum-offenbach.de\/en\/author\/annette\/"},"comment_info":0,"_links":{"self":[{"href":"https:\/\/www.aikido-zentrum-offenbach.de\/en\/wp-json\/wp\/v2\/pages\/8294","targetHints":{"allow":["GET"]}}],"collection":[{"href":"https:\/\/www.aikido-zentrum-offenbach.de\/en\/wp-json\/wp\/v2\/pages"}],"about":[{"href":"https:\/\/www.aikido-zentrum-offenbach.de\/en\/wp-json\/wp\/v2\/types\/page"}],"author":[{"embeddable":true,"href":"https:\/\/www.aikido-zentrum-offenbach.de\/en\/wp-json\/wp\/v2\/users\/2"}],"replies":[{"embeddable":true,"href":"https:\/\/www.aikido-zentrum-offenbach.de\/en\/wp-json\/wp\/v2\/comments?post=8294"}],"version-history":[{"count":17,"href":"https:\/\/www.aikido-zentrum-offenbach.de\/en\/wp-json\/wp\/v2\/pages\/8294\/revisions"}],"predecessor-version":[{"id":8326,"href":"https:\/\/www.aikido-zentrum-offenbach.de\/en\/wp-json\/wp\/v2\/pages\/8294\/revisions\/8326"}],"wp:attachment":[{"href":"https:\/\/www.aikido-zentrum-offenbach.de\/en\/wp-json\/wp\/v2\/media?parent=8294"}],"curies":[{"name":"wp","href":"https:\/\/api.w.org\/{rel}","templated":true}]}}