{"id":7426,"date":"2024-01-07T21:00:31","date_gmt":"2024-01-07T20:00:31","guid":{"rendered":"https:\/\/www.aikido-zentrum-offenbach.de\/?post_type=product&#038;p=7426"},"modified":"2024-01-07T21:11:45","modified_gmt":"2024-01-07T20:11:45","slug":"aikido-4-wochen-pass","status":"publish","type":"product","link":"https:\/\/www.aikido-zentrum-offenbach.de\/en\/product\/aikido-4-wochen-pass\/","title":{"rendered":"Aikido 4 Wochen Pass"},"content":{"rendered":"<p>Du m\u00f6chtest mit Aikido beginnen, aber bist unsicher, ob Du Dich l\u00e4ngerfristig festlegen kannst? Du bist f\u00fcr einige Zeit <strong>zu Besuch<\/strong> und m\u00f6chtest regelm\u00e4\u00dfig trainieren? Das Probetraining hat Spass gemacht und Du willst <strong>intensiver reinschnuppern<\/strong>?<\/p>\n<p>Dann ist das <strong>4 Wochen Paket <\/strong>genau das Richtige f\u00fcr Dich. Lege einen Starttermin fest, und trainiere die n\u00e4chsten 4 Wochen so h\u00e4ufig wie Du willst &#8211; alle Kurs sind inklusive! Ohne langfristige Verpflichtung.<\/p>\n<p><img loading=\"lazy\" decoding=\"async\" class=\"alignnone size-medium wp-image-6811\" src=\"https:\/\/www.aikido-zentrum-offenbach.de\/wp-content\/uploads\/2023\/07\/schoo_351-1-300x200.jpg\" alt=\"\" width=\"300\" height=\"200\" srcset=\"https:\/\/www.aikido-zentrum-offenbach.de\/wp-content\/uploads\/2023\/07\/schoo_351-1-300x200.jpg 300w, https:\/\/www.aikido-zentrum-offenbach.de\/wp-content\/uploads\/2023\/07\/schoo_351-1-600x399.jpg 600w, https:\/\/www.aikido-zentrum-offenbach.de\/wp-content\/uploads\/2023\/07\/schoo_351-1-1024x682.jpg 1024w, https:\/\/www.aikido-zentrum-offenbach.de\/wp-content\/uploads\/2023\/07\/schoo_351-1-768x511.jpg 768w, https:\/\/www.aikido-zentrum-offenbach.de\/wp-content\/uploads\/2023\/07\/schoo_351-1.jpg 1256w\" sizes=\"auto, (max-width: 300px) 100vw, 300px\" \/> <img loading=\"lazy\" decoding=\"async\" class=\"alignnone size-medium wp-image-667\" src=\"https:\/\/www.aikido-zentrum-offenbach.de\/wp-content\/uploads\/2023\/07\/KokyuNage1web-300x258.jpg\" alt=\"\" width=\"300\" height=\"258\" srcset=\"https:\/\/www.aikido-zentrum-offenbach.de\/wp-content\/uploads\/2023\/07\/KokyuNage1web-300x258.jpg 300w, https:\/\/www.aikido-zentrum-offenbach.de\/wp-content\/uploads\/2023\/07\/KokyuNage1web-600x515.jpg 600w, https:\/\/www.aikido-zentrum-offenbach.de\/wp-content\/uploads\/2023\/07\/KokyuNage1web-1024x879.jpg 1024w, https:\/\/www.aikido-zentrum-offenbach.de\/wp-content\/uploads\/2023\/07\/KokyuNage1web-768x660.jpg 768w, https:\/\/www.aikido-zentrum-offenbach.de\/wp-content\/uploads\/2023\/07\/KokyuNage1web.jpg 1190w\" sizes=\"auto, (max-width: 300px) 100vw, 300px\" \/> <img loading=\"lazy\" decoding=\"async\" class=\"alignnone size-medium wp-image-7033\" src=\"https:\/\/www.aikido-zentrum-offenbach.de\/wp-content\/uploads\/2023\/07\/training-bild3-300x269.jpg\" alt=\"\" width=\"300\" height=\"269\" srcset=\"https:\/\/www.aikido-zentrum-offenbach.de\/wp-content\/uploads\/2023\/07\/training-bild3-300x269.jpg 300w, https:\/\/www.aikido-zentrum-offenbach.de\/wp-content\/uploads\/2023\/07\/training-bild3.jpg 320w\" sizes=\"auto, (max-width: 300px) 100vw, 300px\" \/> <img loading=\"lazy\" decoding=\"async\" class=\"alignnone size-medium wp-image-7010\" src=\"https:\/\/www.aikido-zentrum-offenbach.de\/wp-content\/uploads\/2023\/06\/training-bild2-300x246.jpg\" alt=\"\" width=\"300\" height=\"246\" srcset=\"https:\/\/www.aikido-zentrum-offenbach.de\/wp-content\/uploads\/2023\/06\/training-bild2-300x246.jpg 300w, https:\/\/www.aikido-zentrum-offenbach.de\/wp-content\/uploads\/2023\/06\/training-bild2.jpg 320w\" sizes=\"auto, (max-width: 300px) 100vw, 300px\" \/><\/p>\n","protected":false},"excerpt":{"rendered":"<p>Das <strong>4 Wochen Paket:<\/strong>\u00a0Lege einen Starttermin fest, und trainiere die n\u00e4chsten 4 Wochen so h\u00e4ufig wie Du willst &#8211; alle Kurs sind inklusive! Ohne langfristige Verpflichtung.<\/p>\n","protected":false},"featured_media":618,"comment_status":"open","ping_status":"closed","template":"","meta":{"_kad_blocks_custom_css":"","_kad_blocks_head_custom_js":"","_kad_blocks_body_custom_js":"","_kad_blocks_footer_custom_js":"","_kadence_starter_templates_imported_post":false,"_kad_post_transparent":"default","_kad_post_title":"","_kad_post_layout":"default","_kad_post_sidebar_id":"","_kad_post_content_style":"default","_kad_post_vertical_padding":"default","_kad_post_feature":"","_kad_post_feature_position":"","_kad_post_header":false,"_kad_post_footer":false},"product_brand":[],"product_cat":[24,26],"product_tag":[],"class_list":{"0":"post-7426","1":"product","2":"type-product","3":"status-publish","4":"has-post-thumbnail","6":"product_cat-aikido","7":"product_cat-erwachsene","9":"first","10":"instock","11":"virtual","12":"purchasable","13":"product-type-simple","14":"entry","15":"content-bg","16":"loop-entry"},"taxonomy_info":{"product_cat":[{"value":24,"label":"Aikido"},{"value":26,"label":"Erwachsene"}]},"featured_image_src_large":["https:\/\/www.aikido-zentrum-offenbach.de\/wp-content\/uploads\/2023\/06\/training-bild2.jpg",320,262,false],"author_info":[],"comment_info":0,"_links":{"self":[{"href":"https:\/\/www.aikido-zentrum-offenbach.de\/en\/wp-json\/wp\/v2\/product\/7426","targetHints":{"allow":["GET"]}}],"collection":[{"href":"https:\/\/www.aikido-zentrum-offenbach.de\/en\/wp-json\/wp\/v2\/product"}],"about":[{"href":"https:\/\/www.aikido-zentrum-offenbach.de\/en\/wp-json\/wp\/v2\/types\/product"}],"replies":[{"embeddable":true,"href":"https:\/\/www.aikido-zentrum-offenbach.de\/en\/wp-json\/wp\/v2\/comments?post=7426"}],"wp:featuredmedia":[{"embeddable":true,"href":"https:\/\/www.aikido-zentrum-offenbach.de\/en\/wp-json\/wp\/v2\/media\/618"}],"wp:attachment":[{"href":"https:\/\/www.aikido-zentrum-offenbach.de\/en\/wp-json\/wp\/v2\/media?parent=7426"}],"wp:term":[{"taxonomy":"product_brand","embeddable":true,"href":"https:\/\/www.aikido-zentrum-offenbach.de\/en\/wp-json\/wp\/v2\/product_brand?post=7426"},{"taxonomy":"product_cat","embeddable":true,"href":"https:\/\/www.aikido-zentrum-offenbach.de\/en\/wp-json\/wp\/v2\/product_cat?post=7426"},{"taxonomy":"product_tag","embeddable":true,"href":"https:\/\/www.aikido-zentrum-offenbach.de\/en\/wp-json\/wp\/v2\/product_tag?post=7426"}],"curies":[{"name":"wp","href":"https:\/\/api.w.org\/{rel}","templated":true}]}}