{"id":7900,"date":"2025-10-26T21:12:40","date_gmt":"2025-10-26T20:12:40","guid":{"rendered":"https:\/\/www.aikido-zentrum-offenbach.de\/?post_type=product&#038;p=7900"},"modified":"2025-10-26T21:19:08","modified_gmt":"2025-10-26T20:19:08","slug":"aikido-fuer-kinder-4-6-jahre-kennenlernen","status":"publish","type":"product","link":"https:\/\/www.aikido-zentrum-offenbach.de\/en\/product\/aikido-fuer-kinder-4-6-jahre-kennenlernen\/","title":{"rendered":"Aikido f\u00fcr Kinder 4 &#8211; 6 Jahre Kennenlernen"},"content":{"rendered":"<div class=\"prose dark:prose-invert inline leading-relaxed break-words min-w-0 [word-break:break-word] prose-strong:font-medium\">\n<p class=\"my-2 [&amp;+p]:mt-4 [&amp;_strong:has(+br)]:inline-block [&amp;_strong:has(+br)]:pb-2\"><strong>Kennenlernstunde Aikido f\u00fcr Kita-Kinder (4\u20136 Jahre)<\/strong><\/p>\n<p class=\"my-2 [&amp;+p]:mt-4 [&amp;_strong:has(+br)]:inline-block [&amp;_strong:has(+br)]:pb-2\">Die Kennenlernstunde bietet einen ersten Einblick in unser spielerisches Aikido-Training f\u00fcr die J\u00fcngsten. Wenn freie Pl\u00e4tze vorhanden sind, kann anschlie\u00dfend die regul\u00e4re Gruppe Freitags um 17 Uhr besucht werden.<img loading=\"lazy\" decoding=\"async\" class=\"alignnone size-medium wp-image-7583\" src=\"https:\/\/www.aikido-zentrum-offenbach.de\/wp-content\/uploads\/2025\/01\/DSC_0120-300x199.jpg\" alt=\"\" width=\"300\" height=\"199\" srcset=\"https:\/\/www.aikido-zentrum-offenbach.de\/wp-content\/uploads\/2025\/01\/DSC_0120-300x199.jpg 300w, https:\/\/www.aikido-zentrum-offenbach.de\/wp-content\/uploads\/2025\/01\/DSC_0120-1024x681.jpg 1024w, https:\/\/www.aikido-zentrum-offenbach.de\/wp-content\/uploads\/2025\/01\/DSC_0120-768x511.jpg 768w, https:\/\/www.aikido-zentrum-offenbach.de\/wp-content\/uploads\/2025\/01\/DSC_0120-1536x1021.jpg 1536w, https:\/\/www.aikido-zentrum-offenbach.de\/wp-content\/uploads\/2025\/01\/DSC_0120-2048x1362.jpg 2048w, https:\/\/www.aikido-zentrum-offenbach.de\/wp-content\/uploads\/2025\/01\/DSC_0120-600x399.jpg 600w\" sizes=\"auto, (max-width: 300px) 100vw, 300px\" \/><\/p>\n<\/div>\n","protected":false},"excerpt":{"rendered":"<p>Kennenlernstunde Aikido f\u00fcr Kita-Kinder (4\u20136 Jahre) Die Kennenlernstunde bietet einen ersten Einblick in unser spielerisches Aikido-Training f\u00fcr die J\u00fcngsten. Wenn freie Pl\u00e4tze vorhanden sind, kann anschlie\u00dfend die regul\u00e4re Gruppe Freitags um 17 Uhr besucht werden.<\/p>\n","protected":false},"featured_media":7581,"comment_status":"open","ping_status":"closed","template":"","meta":{"_kad_blocks_custom_css":"","_kad_blocks_head_custom_js":"","_kad_blocks_body_custom_js":"","_kad_blocks_footer_custom_js":"","_kadence_starter_templates_imported_post":false,"_kad_post_transparent":"default","_kad_post_title":"","_kad_post_layout":"default","_kad_post_sidebar_id":"","_kad_post_content_style":"default","_kad_post_vertical_padding":"default","_kad_post_feature":"","_kad_post_feature_position":"","_kad_post_header":false,"_kad_post_footer":false},"product_brand":[],"product_cat":[24,111],"product_tag":[],"class_list":{"0":"post-7900","1":"product","2":"type-product","3":"status-publish","4":"has-post-thumbnail","6":"product_cat-aikido","7":"product_cat-kinder","9":"first","10":"instock","11":"shipping-taxable","12":"purchasable","13":"product-type-simple","14":"entry","15":"content-bg","16":"loop-entry"},"taxonomy_info":{"product_cat":[{"value":24,"label":"Aikido"},{"value":111,"label":"Kinder"}]},"featured_image_src_large":["https:\/\/www.aikido-zentrum-offenbach.de\/wp-content\/uploads\/2025\/01\/DSC_0101-scaled-e1761509262537-1024x818.jpg",1024,818,true],"author_info":[],"comment_info":0,"_links":{"self":[{"href":"https:\/\/www.aikido-zentrum-offenbach.de\/en\/wp-json\/wp\/v2\/product\/7900","targetHints":{"allow":["GET"]}}],"collection":[{"href":"https:\/\/www.aikido-zentrum-offenbach.de\/en\/wp-json\/wp\/v2\/product"}],"about":[{"href":"https:\/\/www.aikido-zentrum-offenbach.de\/en\/wp-json\/wp\/v2\/types\/product"}],"replies":[{"embeddable":true,"href":"https:\/\/www.aikido-zentrum-offenbach.de\/en\/wp-json\/wp\/v2\/comments?post=7900"}],"wp:featuredmedia":[{"embeddable":true,"href":"https:\/\/www.aikido-zentrum-offenbach.de\/en\/wp-json\/wp\/v2\/media\/7581"}],"wp:attachment":[{"href":"https:\/\/www.aikido-zentrum-offenbach.de\/en\/wp-json\/wp\/v2\/media?parent=7900"}],"wp:term":[{"taxonomy":"product_brand","embeddable":true,"href":"https:\/\/www.aikido-zentrum-offenbach.de\/en\/wp-json\/wp\/v2\/product_brand?post=7900"},{"taxonomy":"product_cat","embeddable":true,"href":"https:\/\/www.aikido-zentrum-offenbach.de\/en\/wp-json\/wp\/v2\/product_cat?post=7900"},{"taxonomy":"product_tag","embeddable":true,"href":"https:\/\/www.aikido-zentrum-offenbach.de\/en\/wp-json\/wp\/v2\/product_tag?post=7900"}],"curies":[{"name":"wp","href":"https:\/\/api.w.org\/{rel}","templated":true}]}}